{"id":55,"date":"2021-03-03T23:18:13","date_gmt":"2021-03-03T23:18:13","guid":{"rendered":"https:\/\/dentistnearmeep.com\/?page_id=55"},"modified":"2026-02-26T17:11:44","modified_gmt":"2026-02-27T00:11:44","slug":"teeth-cleaning-el-paso-tx","status":"publish","type":"page","link":"https:\/\/dentistnearmeep.com\/es\/teeth-cleaning-el-paso-tx\/","title":{"rendered":"Limpieza Dental en El Paso, TX"},"content":{"rendered":"\n<div class=\"wp-block-columns is-layout-flex wp-container-core-columns-is-layout-9d6595d7 wp-block-columns-is-layout-flex\">\n<div class=\"wp-block-column is-layout-flow wp-block-column-is-layout-flow\" style=\"flex-basis:66.66%\">\n<div class=\"wp-block-columns is-layout-flex wp-container-core-columns-is-layout-9d6595d7 wp-block-columns-is-layout-flex\">\n<div class=\"wp-block-column is-layout-flow wp-block-column-is-layout-flow\">\n<p>Nuestro equipo m\u00e9dico y dental se enorgullece de ofrecer una variedad integral de servicios, como limpieza dental en El Paso, TX. Si desea mantener la salud de sus dientes, es probable que tome varias medidas para alcanzar ese objetivo. Probablemente te cepillas los dientes varias veces al d\u00eda y usas un enjuague bucal para matar los g\u00e9rmenes en tu boca.<\/p>\n\n\n\n<p>Aunque estos pasos pueden hacer maravillas para proteger su salud bucal, no siempre le dar\u00e1n los resultados que necesita. Es vital que se comunique con un dentista en su \u00e1rea si realmente quiere mantener sus dientes en la mejor forma. Optar por el servicio de limpieza dental dos veces al a\u00f1o te proporciona una sonrisa de la que puedes estar orgulloso.<\/p>\n<\/div>\n\n\n\n<div class=\"wp-block-column is-layout-flow wp-block-column-is-layout-flow\">\n<figure class=\"wp-block-image size-full\"><img loading=\"lazy\" decoding=\"async\" width=\"320\" height=\"240\" src=\"https:\/\/dentistnearmeep.com\/wp-content\/uploads\/2021\/08\/teeth_cleaning_el-paso-tx.jpeg\" alt=\"Teeth Cleaning - Dentist Near Me - El Paso, TX\" class=\"wp-image-697\" srcset=\"https:\/\/dentistnearmeep.com\/wp-content\/uploads\/2021\/08\/teeth_cleaning_el-paso-tx.jpeg 320w, https:\/\/dentistnearmeep.com\/wp-content\/uploads\/2021\/08\/teeth_cleaning_el-paso-tx-300x225.jpeg 300w\" sizes=\"auto, (max-width: 320px) 100vw, 320px\" \/><figcaption><mark style=\"background-color:rgba(0, 0, 0, 0)\" class=\"has-inline-color has-black-color\">Limpieza dental profesional disponible en El Paso, TX<\/mark><\/figcaption><\/figure>\n<\/div>\n<\/div>\n\n\n\n<h2 class=\"wp-block-heading\">Examen dental, radiograf\u00edas y limpieza dental<\/h2>\n\n\n\n<p>En un examen dental, su dentista o higienista revisa cada diente y sus enc\u00edas, mejillas y lengua. Los dientes sanos prosperan en una boca sana. Su dentista revisar\u00e1 cada estructura y superficie de su boca en busca de caries, signos de enfermedad de las enc\u00edas, infecciones u otros posibles problemas de salud.<\/p>\n\n\n\n<p>Quiz\u00e1s se pregunte por qu\u00e9 puede ser necesaria una radiograf\u00eda durante la cita de limpieza dental con el dentista. La verdad es que los rayos X permiten a los dentistas mirar m\u00e1s all\u00e1 de la superficie y ver lo que es invisible a simple vista.<\/p>\n\n\n\n<p>Ahora que conoce la importancia de los ex\u00e1menes y las radiograf\u00edas en la detecci\u00f3n de problemas dentales, es posible que se pregunte por qu\u00e9 son necesarias las limpiezas. No hay nada m\u00e1s importante para su salud dental que mantener una boca limpia. En odontolog\u00eda, la limpieza se denomina m\u00e1s apropiadamente profilaxis. El diccionario Merriam-Webster define la profilaxis como medidas para preservar la salud y prevenir la propagaci\u00f3n de enfermedades.<\/p>\n\n\n\n<h2 class=\"wp-block-heading\">Qu\u00e9 esperar de la limpieza dental<\/h2>\n\n\n\n<p>Antes de comenzar el proceso de limpieza, el higienista usa un peque\u00f1o espejo c\u00f3ncavo para revisar la boca del paciente en busca de signos de problemas bucales, como enc\u00edas inflamadas, placa, acumulaci\u00f3n de sarro o manchas oscuras en los dientes. Esto ayuda al higienista a saber en qu\u00e9 concentrarse durante la limpieza. Si se encuentran problemas m\u00e1s serios, como caries o enfermedad de las enc\u00edas, el higienista suele informar al dentista para un examen m\u00e1s completo.<\/p>\n\n\n\n<h2 class=\"wp-block-heading\">Prevenir la caries dental y la enfermedad de las enc\u00edas<\/h2>\n\n\n\n<p>La prevenci\u00f3n, o ausencia, de infecci\u00f3n, optimiza su salud y bienestar general. Una boca constantemente limpia tiene m\u00e1s probabilidades de estar libre de enfermedades, infecciones, caries antiest\u00e9ticas y enfermedades de las enc\u00edas. Su higienista en Dentist Near Me no solo le brindar\u00e1 una limpieza profunda, sino que humildemente le ense\u00f1ar\u00e1 c\u00f3mo cuidar adecuadamente sus dientes y enc\u00edas.<\/p>\n\n\n\n<h2 class=\"wp-block-heading\">Quitar manchas<\/h2>\n\n\n\n<p>Una limpieza dental profesional eliminar\u00e1 la acumulaci\u00f3n de placa y sarro en la superficie, as\u00ed como algunas manchas frescas que a\u00fan no est\u00e1n muy profundas en los dientes. Dicha limpieza generalmente se realiza en dientes adultos sanos que no muestran p\u00e9rdida \u00f3sea ni infecci\u00f3n, y que no tienen enfermedad periodontal.<\/p>\n\n\n\n<p>En cuanto a las manchas, su limpieza dental dos veces al a\u00f1o har\u00e1 que sus dientes est\u00e9n m\u00e1s limpios y brillantes en general, pero es posible que no pueda eliminar todas las manchas. Sin embargo, ayudan a que los dientes sean menos propensos a mancharse. Mantener limpio el esmalte dental mitiga los efectos de los productores de manchas como el tabaco, el vino, el caf\u00e9 y el t\u00e9. La limpieza profesional realizada por su dentista tambi\u00e9n funciona contra la enfermedad de las enc\u00edas y las caries y ayuda a que sus dientes sean m\u00e1s fuertes y resistentes. \u00a1Tambi\u00e9n te da una sonrisa m\u00e1s brillante!<\/p>\n\n\n\n<h2 class=\"wp-block-heading\">Gingivitis y enfermedad periodontal<\/h2>\n\n\n\n<p>La gingivitis es la inflamaci\u00f3n de las enc\u00edas y suele preceder a la periodontitis, que es la principal causa de p\u00e9rdida de dientes en adultos. Para los pacientes diagnosticados con gingivitis, no todo es pesimismo. No todas las gingivitis progresan a periodontitis.<\/p>\n\n\n\n<p>La enfermedad de las enc\u00edas es algo que las personas que experimentan s\u00edntomas no pueden posponer o dejar desatendida porque la periodontitis no tratada rara vez mejora por s\u00ed sola.<\/p>\n\n\n\n<p>Si experimenta s\u00edntomas de enfermedad de las enc\u00edas, es imperativo llamar a su dentista lo antes posible. Su dentista examinar\u00e1 sus dientes y confirmar\u00e1 el diagn\u00f3stico. Si se detecta temprano, la periodontitis se puede controlar con una limpieza dental completa y una rutina de cuidado bucal en el hogar.<\/p>\n\n\n\n<h2 class=\"wp-block-heading\">Limpieza profunda: raspado y alisado radicular<\/h2>\n\n\n\n<p>Con una peque\u00f1a herramienta en forma de gancho llamada raspador, el higienista elimina la placa y el sarro de la superficie de los dientes, cerca de la l\u00ednea de las enc\u00edas y entre los dientes. Seg\u00fan la cantidad de acumulaci\u00f3n presente, se utiliza un raspador manual o ultras\u00f3nico. Un raspador manual se siente como raspar los dientes, mientras que el raspador ultras\u00f3nico usa una vibraci\u00f3n suave y agua para eliminar dep\u00f3sitos grandes.<\/p>\n\n\n\n<p>No olvides cepillarte al menos dos veces al d\u00eda para que el sarro no se endurezca y se convierta en placa. Tambi\u00e9n use hilo dental una vez al d\u00eda para eliminar las bacterias entre los dientes que su cepillo no puede alcanzar. Y el enjuague con fl\u00faor nunca es una mala idea.<\/p>\n\n\n\n<h2 class=\"wp-block-heading\">\u00a1Programe una limpieza dental en El Paso hoy!<\/h2>\n\n\n\n<p>Ll\u00e1menos hoy para programar un examen dental, radiograf\u00edas y una limpieza dental. En Dentist Near Me en El Paso, TX, nuestro personal dental responder\u00e1 cualquier pregunta que tenga sobre limpiezas dentales, procedimientos dentales y opciones financieras y de seguros. Ll\u00e1menos al <a href=\"tel:+19152194632\">(915) 219-4632<\/a>, o complete el formulario en esta p\u00e1gina.<\/p>\n<\/div>\n\n\n\n<div class=\"wp-block-column is-layout-flow wp-block-column-is-layout-flow\" style=\"flex-basis:33.33%\">\n<h2 class=\"wp-block-heading\" id=\"block-4d8cf216-b1a0-40f8-b685-9f6230612bbb\">Contacta con nosotros<\/h2>\n\n\n\n<h3 class=\"wp-block-heading\" id=\"block-56de2314-ac50-45b6-9011-fff1b0affae8\"><a href=\"tel:+19152194632\">(915) 219-4632<\/a><\/h3>\n\n\n\n<p id=\"block-64e68cd0-eccb-4788-a715-3d4c701bcf22\"><a href=\"mailto:smile@dentistnearmeep.com\">smile@dentistnearmeep.com<\/a>&nbsp;<\/p>\n\n\n\n<p id=\"block-dc9f0a04-5916-4858-8090-2b749c1707b4\"><a href=\"https:\/\/goo.gl\/maps\/4dWf9ibCLyHiwCZC9\" target=\"_blank\" rel=\"noreferrer noopener nofollow\">13371-14 East Lake Ste 207 El Paso, TX 79928<\/a><\/p>\n\n\n\n\n\n<h2 class=\"wp-block-heading\" id=\"block-117dfc74-52e0-49ea-a8e0-b8eadf94c4ed\">\u00a1S\u00edguenos en las redes sociales!<\/h2>\n\n\n\n<ul class=\"wp-block-social-links has-large-icon-size has-visible-labels is-layout-flex wp-block-social-links-is-layout-flex\"><li class=\"wp-social-link wp-social-link-facebook  wp-block-social-link\"><a rel=\"noopener nofollow\" target=\"_blank\" href=\"https:\/\/www.facebook.com\/dentistnearmeelpaso\" class=\"wp-block-social-link-anchor\"><svg width=\"24\" height=\"24\" viewBox=\"0 0 24 24\" version=\"1.1\" xmlns=\"http:\/\/www.w3.org\/2000\/svg\" aria-hidden=\"true\" focusable=\"false\"><path d=\"M12 2C6.5 2 2 6.5 2 12c0 5 3.7 9.1 8.4 9.9v-7H7.9V12h2.5V9.8c0-2.5 1.5-3.9 3.8-3.9 1.1 0 2.2.2 2.2.2v2.5h-1.3c-1.2 0-1.6.8-1.6 1.6V12h2.8l-.4 2.9h-2.3v7C18.3 21.1 22 17 22 12c0-5.5-4.5-10-10-10z\"><\/path><\/svg><span class=\"wp-block-social-link-label\">Facebook<\/span><\/a><\/li><\/ul>\n<\/div>\n<\/div>\n","protected":false},"excerpt":{"rendered":"<p>Nuestro equipo m\u00e9dico y dental se enorgullece de ofrecer una variedad integral de servicios, como limpieza dental en El Paso, TX. Si desea mantener la salud de sus dientes, es probable que tome varias medidas para alcanzar ese objetivo. Probablemente te cepillas los dientes varias veces al d\u00eda y usas un enjuague bucal para matar [&hellip;]<\/p>\n","protected":false},"author":1,"featured_media":697,"parent":0,"menu_order":0,"comment_status":"closed","ping_status":"closed","template":"","meta":{"_coblocks_attr":"","_coblocks_dimensions":"","_coblocks_responsive_height":"","_coblocks_accordion_ie_support":"","_kad_blocks_custom_css":"","_kad_blocks_head_custom_js":"","_kad_blocks_body_custom_js":"","_kad_blocks_footer_custom_js":"","footnotes":""},"class_list":["post-55","page","type-page","status-publish","has-post-thumbnail","hentry"],"translation":{"provider":"WPGlobus","version":"3.0.2","language":"es","enabled_languages":["en","es"],"languages":{"en":{"title":true,"content":true,"excerpt":false},"es":{"title":true,"content":true,"excerpt":false}}},"taxonomy_info":[],"featured_image_src_large":["https:\/\/dentistnearmeep.com\/wp-content\/uploads\/2021\/08\/teeth_cleaning_el-paso-tx.jpeg",320,240,false],"author_info":{"display_name":"admin","author_link":"https:\/\/dentistnearmeep.com\/es\/author\/admin\/"},"comment_info":0,"_links":{"self":[{"href":"https:\/\/dentistnearmeep.com\/es\/wp-json\/wp\/v2\/pages\/55","targetHints":{"allow":["GET"]}}],"collection":[{"href":"https:\/\/dentistnearmeep.com\/es\/wp-json\/wp\/v2\/pages"}],"about":[{"href":"https:\/\/dentistnearmeep.com\/es\/wp-json\/wp\/v2\/types\/page"}],"author":[{"embeddable":true,"href":"https:\/\/dentistnearmeep.com\/es\/wp-json\/wp\/v2\/users\/1"}],"replies":[{"embeddable":true,"href":"https:\/\/dentistnearmeep.com\/es\/wp-json\/wp\/v2\/comments?post=55"}],"version-history":[{"count":30,"href":"https:\/\/dentistnearmeep.com\/es\/wp-json\/wp\/v2\/pages\/55\/revisions"}],"predecessor-version":[{"id":1775,"href":"https:\/\/dentistnearmeep.com\/es\/wp-json\/wp\/v2\/pages\/55\/revisions\/1775"}],"wp:featuredmedia":[{"embeddable":true,"href":"https:\/\/dentistnearmeep.com\/es\/wp-json\/wp\/v2\/media\/697"}],"wp:attachment":[{"href":"https:\/\/dentistnearmeep.com\/es\/wp-json\/wp\/v2\/media?parent=55"}],"curies":[{"name":"wp","href":"https:\/\/api.w.org\/{rel}","templated":true}]}}